{"id":290,"date":"2024-11-25T12:43:43","date_gmt":"2024-11-25T11:43:43","guid":{"rendered":"https:\/\/wellness-saint-antoine.be\/?page_id=290"},"modified":"2025-01-07T15:37:33","modified_gmt":"2025-01-07T14:37:33","slug":"salle-de-reunion","status":"publish","type":"page","link":"https:\/\/wellness-saint-antoine.be\/en\/salle-de-reunion\/","title":{"rendered":"Meeting room"},"content":{"rendered":"<div data-elementor-type=\"wp-page\" data-elementor-id=\"290\" class=\"elementor elementor-290\" data-elementor-post-type=\"page\">\n\t\t\t\t<div class=\"elementor-element elementor-element-72bb319c e-flex e-con-boxed e-con e-parent\" data-id=\"72bb319c\" data-element_type=\"container\" data-e-type=\"container\" data-settings=\"{&quot;background_background&quot;:&quot;classic&quot;}\">\n\t\t\t\t\t<div class=\"e-con-inner\">\n\t\t\t\t<div class=\"elementor-element elementor-element-2e095d27 elementor-widget elementor-widget-heading\" data-id=\"2e095d27\" data-element_type=\"widget\" data-e-type=\"widget\" data-widget_type=\"heading.default\">\n\t\t\t\t<div class=\"elementor-widget-container\">\n\t\t\t\t\t<h1 class=\"elementor-heading-title elementor-size-default\">Meeting room<\/h1>\t\t\t\t<\/div>\n\t\t\t\t<\/div>\n\t\t\t\t\t<\/div>\n\t\t\t\t<\/div>\n\t\t<div class=\"elementor-element elementor-element-2d0824f5 e-flex e-con-boxed e-con e-parent\" data-id=\"2d0824f5\" data-element_type=\"container\" data-e-type=\"container\">\n\t\t\t\t\t<div class=\"e-con-inner\">\n\t\t<div class=\"elementor-element elementor-element-6ca9a297 e-con-full e-flex e-con e-child\" data-id=\"6ca9a297\" data-element_type=\"container\" data-e-type=\"container\" data-settings=\"{&quot;background_background&quot;:&quot;classic&quot;}\">\n\t\t\t\t<div class=\"elementor-element elementor-element-7c58d8e elementor-widget elementor-widget-spacer\" data-id=\"7c58d8e\" data-element_type=\"widget\" data-e-type=\"widget\" data-widget_type=\"spacer.default\">\n\t\t\t\t<div class=\"elementor-widget-container\">\n\t\t\t\t\t\t\t<div class=\"elementor-spacer\">\n\t\t\t<div class=\"elementor-spacer-inner\"><\/div>\n\t\t<\/div>\n\t\t\t\t\t\t<\/div>\n\t\t\t\t<\/div>\n\t\t\t\t<\/div>\n\t\t<div class=\"elementor-element elementor-element-2785eb33 e-con-full e-flex e-con e-child\" data-id=\"2785eb33\" data-element_type=\"container\" data-e-type=\"container\">\n\t\t<div class=\"elementor-element elementor-element-472c8d94 e-con-full e-flex e-con e-child\" data-id=\"472c8d94\" data-element_type=\"container\" data-e-type=\"container\">\n\t\t\t\t<div class=\"elementor-element elementor-element-66b8e2d7 elementor-widget-mobile__width-initial elementor-widget elementor-widget-heading\" data-id=\"66b8e2d7\" data-element_type=\"widget\" data-e-type=\"widget\" data-widget_type=\"heading.default\">\n\t\t\t\t<div class=\"elementor-widget-container\">\n\t\t\t\t\t<h2 class=\"elementor-heading-title elementor-size-default\">A Meeting Room in the Heart of the Chapel<\/h2>\t\t\t\t<\/div>\n\t\t\t\t<\/div>\n\t\t\t\t<\/div>\n\t\t\t\t<div class=\"elementor-element elementor-element-6652e6e8 elementor-widget-divider--view-line elementor-widget elementor-widget-divider\" data-id=\"6652e6e8\" data-element_type=\"widget\" data-e-type=\"widget\" data-widget_type=\"divider.default\">\n\t\t\t\t<div class=\"elementor-widget-container\">\n\t\t\t\t\t\t\t<div class=\"elementor-divider\">\n\t\t\t<span class=\"elementor-divider-separator\">\n\t\t\t\t\t\t<\/span>\n\t\t<\/div>\n\t\t\t\t\t\t<\/div>\n\t\t\t\t<\/div>\n\t\t\t\t<div class=\"elementor-element elementor-element-65d52c2e elementor-widget elementor-widget-text-editor\" data-id=\"65d52c2e\" data-element_type=\"widget\" data-e-type=\"widget\" data-widget_type=\"text-editor.default\">\n\t\t\t\t<div class=\"elementor-widget-container\">\n\t\t\t\t\t\t\t\t\t<p>Looking for a unique space for your strategic or creative meetings? Wellness Saint-Antoine offers you an exceptional meeting room, nestled in the grounds of our historic chapel. Designed to comfortably accommodate 10 to 12 people, this room offers a peaceful and inspiring setting, far from the usual office distractions.<\/p><p>Ideal for stimulating thought and collaboration, our meeting room is equipped to meet your professional needs while allowing you to enjoy the serene and soothing atmosphere of the chapel. Away from the hustle and bustle of everyday life, it's the perfect place to step back and explore new ideas.<\/p>\t\t\t\t\t\t\t\t<\/div>\n\t\t\t\t<\/div>\n\t\t\t\t<div class=\"elementor-element elementor-element-1b387735 elementor-widget elementor-widget-text-editor\" data-id=\"1b387735\" data-element_type=\"widget\" data-e-type=\"widget\" data-widget_type=\"text-editor.default\">\n\t\t\t\t<div class=\"elementor-widget-container\">\n\t\t\t\t\t\t\t\t\tTo enhance your work sessions, we offer a carefully prepared cold lunch, subject to prior reservation. This service allows you to concentrate fully on your objectives while enjoying a delicious, balanced meal.\t\t\t\t\t\t\t\t<\/div>\n\t\t\t\t<\/div>\n\t\t\t\t<\/div>\n\t\t\t\t\t<\/div>\n\t\t\t\t<\/div>\n\t\t<div class=\"elementor-element elementor-element-26b93417 e-flex e-con-boxed e-con e-parent\" data-id=\"26b93417\" data-element_type=\"container\" data-e-type=\"container\">\n\t\t\t\t\t<div class=\"e-con-inner\">\n\t\t\t\t<div class=\"elementor-element elementor-element-74c878c elementor-widget elementor-widget-heading\" data-id=\"74c878c\" data-element_type=\"widget\" data-e-type=\"widget\" data-widget_type=\"heading.default\">\n\t\t\t\t<div class=\"elementor-widget-container\">\n\t\t\t\t\t<h2 class=\"elementor-heading-title elementor-size-default\">Rates<\/h2>\t\t\t\t<\/div>\n\t\t\t\t<\/div>\n\t\t\t\t<div class=\"elementor-element elementor-element-91b1e61 elementor-widget elementor-widget-text-editor\" data-id=\"91b1e61\" data-element_type=\"widget\" data-e-type=\"widget\" data-widget_type=\"text-editor.default\">\n\t\t\t\t<div class=\"elementor-widget-container\">\n\t\t\t\t\t\t\t\t\tTo book a meeting room, please contact us by email or telephone so that we can assess your needs and expectations together. We will be happy to provide you with a personalised quote.\nA tour of the premises can also be arranged on request.\t\t\t\t\t\t\t\t<\/div>\n\t\t\t\t<\/div>\n\t\t<div class=\"elementor-element elementor-element-5db6e2ca e-con-full e-flex e-con e-child\" data-id=\"5db6e2ca\" data-element_type=\"container\" data-e-type=\"container\">\n\t\t<div class=\"elementor-element elementor-element-551c5f1 e-con-full e-flex e-con e-child\" data-id=\"551c5f1\" data-element_type=\"container\" data-e-type=\"container\" data-settings=\"{&quot;background_background&quot;:&quot;classic&quot;}\">\n\t\t<div class=\"elementor-element elementor-element-e214210 e-con-full e-flex e-con e-child\" data-id=\"e214210\" data-element_type=\"container\" data-e-type=\"container\">\n\t\t<div class=\"elementor-element elementor-element-76ff5d8 e-con-full e-flex e-con e-child\" data-id=\"76ff5d8\" data-element_type=\"container\" data-e-type=\"container\">\n\t\t\t\t<div class=\"elementor-element elementor-element-429bf9a elementor-widget elementor-widget-heading\" data-id=\"429bf9a\" data-element_type=\"widget\" data-e-type=\"widget\" data-widget_type=\"heading.default\">\n\t\t\t\t<div class=\"elementor-widget-container\">\n\t\t\t\t\t<h2 class=\"elementor-heading-title elementor-size-default\">Gallery<\/h2>\t\t\t\t<\/div>\n\t\t\t\t<\/div>\n\t\t\t\t<\/div>\n\t\t<div class=\"elementor-element elementor-element-a473b52 e-con-full e-flex e-con e-child\" data-id=\"a473b52\" data-element_type=\"container\" data-e-type=\"container\">\n\t\t\t\t<div class=\"elementor-element elementor-element-5450796 elementor-widget elementor-widget-gallery\" data-id=\"5450796\" data-element_type=\"widget\" data-e-type=\"widget\" data-settings=\"{&quot;lazyload&quot;:&quot;yes&quot;,&quot;gallery_layout&quot;:&quot;grid&quot;,&quot;columns&quot;:4,&quot;columns_tablet&quot;:2,&quot;columns_mobile&quot;:1,&quot;gap&quot;:{&quot;unit&quot;:&quot;px&quot;,&quot;size&quot;:10,&quot;sizes&quot;:[]},&quot;gap_tablet&quot;:{&quot;unit&quot;:&quot;px&quot;,&quot;size&quot;:10,&quot;sizes&quot;:[]},&quot;gap_mobile&quot;:{&quot;unit&quot;:&quot;px&quot;,&quot;size&quot;:10,&quot;sizes&quot;:[]},&quot;link_to&quot;:&quot;file&quot;,&quot;aspect_ratio&quot;:&quot;3:2&quot;,&quot;overlay_background&quot;:&quot;yes&quot;,&quot;content_hover_animation&quot;:&quot;fade-in&quot;}\" data-widget_type=\"gallery.default\">\n\t\t\t\t<div class=\"elementor-widget-container\">\n\t\t\t\t\t\t\t<div class=\"elementor-gallery__container\">\n\t\t\t\t\t\t\t<a class=\"e-gallery-item elementor-gallery-item elementor-animated-content\" href=\"https:\/\/wellness-saint-antoine.be\/wp-content\/uploads\/2025\/01\/Salle-de-reunion-4-5-02-scaled.jpg\" data-elementor-open-lightbox=\"yes\" data-elementor-lightbox-slideshow=\"5450796\" data-elementor-lightbox-title=\"Salle de re\u0301union 4-5 - 02\" data-e-action-hash=\"#elementor-action%3Aaction%3Dlightbox%26settings%3DeyJpZCI6NzAwLCJ1cmwiOiJodHRwczpcL1wvd2VsbG5lc3Mtc2FpbnQtYW50b2luZS5iZVwvd3AtY29udGVudFwvdXBsb2Fkc1wvMjAyNVwvMDFcL1NhbGxlLWRlLXJldW5pb24tNC01LTAyLXNjYWxlZC5qcGciLCJzbGlkZXNob3ciOiI1NDUwNzk2In0%3D\">\n\t\t\t\t\t<div class=\"e-gallery-image elementor-gallery-item__image\" data-thumbnail=\"https:\/\/wellness-saint-antoine.be\/wp-content\/uploads\/2025\/01\/Salle-de-reunion-4-5-02-240x300.jpg\" data-width=\"240\" data-height=\"300\" aria-label=\"\" role=\"img\" ><\/div>\n\t\t\t\t\t\t\t\t\t\t\t<div class=\"elementor-gallery-item__overlay\"><\/div>\n\t\t\t\t\t\t\t\t\t\t\t\t\t\t<\/a>\n\t\t\t\t\t\t\t<a class=\"e-gallery-item elementor-gallery-item elementor-animated-content\" href=\"https:\/\/wellness-saint-antoine.be\/wp-content\/uploads\/2025\/01\/Salle-de-reunion-4-5-03-scaled.jpg\" data-elementor-open-lightbox=\"yes\" data-elementor-lightbox-slideshow=\"5450796\" data-elementor-lightbox-title=\"Salle de re\u0301union 4-5 - 03\" data-e-action-hash=\"#elementor-action%3Aaction%3Dlightbox%26settings%3DeyJpZCI6NzAxLCJ1cmwiOiJodHRwczpcL1wvd2VsbG5lc3Mtc2FpbnQtYW50b2luZS5iZVwvd3AtY29udGVudFwvdXBsb2Fkc1wvMjAyNVwvMDFcL1NhbGxlLWRlLXJldW5pb24tNC01LTAzLXNjYWxlZC5qcGciLCJzbGlkZXNob3ciOiI1NDUwNzk2In0%3D\">\n\t\t\t\t\t<div class=\"e-gallery-image elementor-gallery-item__image\" data-thumbnail=\"https:\/\/wellness-saint-antoine.be\/wp-content\/uploads\/2025\/01\/Salle-de-reunion-4-5-03-240x300.jpg\" data-width=\"240\" data-height=\"300\" aria-label=\"\" role=\"img\" ><\/div>\n\t\t\t\t\t\t\t\t\t\t\t<div class=\"elementor-gallery-item__overlay\"><\/div>\n\t\t\t\t\t\t\t\t\t\t\t\t\t\t<\/a>\n\t\t\t\t\t\t\t<a class=\"e-gallery-item elementor-gallery-item elementor-animated-content\" href=\"https:\/\/wellness-saint-antoine.be\/wp-content\/uploads\/2025\/01\/Salle-de-reunion-4-5-07-scaled.jpg\" data-elementor-open-lightbox=\"yes\" data-elementor-lightbox-slideshow=\"5450796\" data-elementor-lightbox-title=\"Salle de re\u0301union 4-5 - 07\" data-e-action-hash=\"#elementor-action%3Aaction%3Dlightbox%26settings%3DeyJpZCI6NzA2LCJ1cmwiOiJodHRwczpcL1wvd2VsbG5lc3Mtc2FpbnQtYW50b2luZS5iZVwvd3AtY29udGVudFwvdXBsb2Fkc1wvMjAyNVwvMDFcL1NhbGxlLWRlLXJldW5pb24tNC01LTA3LXNjYWxlZC5qcGciLCJzbGlkZXNob3ciOiI1NDUwNzk2In0%3D\">\n\t\t\t\t\t<div class=\"e-gallery-image elementor-gallery-item__image\" data-thumbnail=\"https:\/\/wellness-saint-antoine.be\/wp-content\/uploads\/2025\/01\/Salle-de-reunion-4-5-07-240x300.jpg\" data-width=\"240\" data-height=\"300\" aria-label=\"\" role=\"img\" ><\/div>\n\t\t\t\t\t\t\t\t\t\t\t<div class=\"elementor-gallery-item__overlay\"><\/div>\n\t\t\t\t\t\t\t\t\t\t\t\t\t\t<\/a>\n\t\t\t\t\t\t\t<a class=\"e-gallery-item elementor-gallery-item elementor-animated-content\" href=\"https:\/\/wellness-saint-antoine.be\/wp-content\/uploads\/2025\/01\/Salle-de-reunion-4-5-09-scaled.jpg\" data-elementor-open-lightbox=\"yes\" data-elementor-lightbox-slideshow=\"5450796\" data-elementor-lightbox-title=\"Salle de re\u0301union 4-5 - 09\" data-e-action-hash=\"#elementor-action%3Aaction%3Dlightbox%26settings%3DeyJpZCI6NzA4LCJ1cmwiOiJodHRwczpcL1wvd2VsbG5lc3Mtc2FpbnQtYW50b2luZS5iZVwvd3AtY29udGVudFwvdXBsb2Fkc1wvMjAyNVwvMDFcL1NhbGxlLWRlLXJldW5pb24tNC01LTA5LXNjYWxlZC5qcGciLCJzbGlkZXNob3ciOiI1NDUwNzk2In0%3D\">\n\t\t\t\t\t<div class=\"e-gallery-image elementor-gallery-item__image\" data-thumbnail=\"https:\/\/wellness-saint-antoine.be\/wp-content\/uploads\/2025\/01\/Salle-de-reunion-4-5-09-240x300.jpg\" data-width=\"240\" data-height=\"300\" aria-label=\"\" role=\"img\" ><\/div>\n\t\t\t\t\t\t\t\t\t\t\t<div class=\"elementor-gallery-item__overlay\"><\/div>\n\t\t\t\t\t\t\t\t\t\t\t\t\t\t<\/a>\n\t\t\t\t\t\t\t<a class=\"e-gallery-item elementor-gallery-item elementor-animated-content\" href=\"https:\/\/wellness-saint-antoine.be\/wp-content\/uploads\/2025\/01\/Salle-de-reunion-4-5-15-scaled.jpg\" data-elementor-open-lightbox=\"yes\" data-elementor-lightbox-slideshow=\"5450796\" data-elementor-lightbox-title=\"Salle de re\u0301union 4-5 - 15\" data-e-action-hash=\"#elementor-action%3Aaction%3Dlightbox%26settings%3DeyJpZCI6NzE0LCJ1cmwiOiJodHRwczpcL1wvd2VsbG5lc3Mtc2FpbnQtYW50b2luZS5iZVwvd3AtY29udGVudFwvdXBsb2Fkc1wvMjAyNVwvMDFcL1NhbGxlLWRlLXJldW5pb24tNC01LTE1LXNjYWxlZC5qcGciLCJzbGlkZXNob3ciOiI1NDUwNzk2In0%3D\">\n\t\t\t\t\t<div class=\"e-gallery-image elementor-gallery-item__image\" data-thumbnail=\"https:\/\/wellness-saint-antoine.be\/wp-content\/uploads\/2025\/01\/Salle-de-reunion-4-5-15-240x300.jpg\" data-width=\"240\" data-height=\"300\" aria-label=\"\" role=\"img\" ><\/div>\n\t\t\t\t\t\t\t\t\t\t\t<div class=\"elementor-gallery-item__overlay\"><\/div>\n\t\t\t\t\t\t\t\t\t\t\t\t\t\t<\/a>\n\t\t\t\t\t\t\t<a class=\"e-gallery-item elementor-gallery-item elementor-animated-content\" href=\"https:\/\/wellness-saint-antoine.be\/wp-content\/uploads\/2025\/01\/Salle-de-reunion-4-5-13-scaled.jpg\" data-elementor-open-lightbox=\"yes\" data-elementor-lightbox-slideshow=\"5450796\" data-elementor-lightbox-title=\"Salle de re\u0301union 4-5 - 13\" data-e-action-hash=\"#elementor-action%3Aaction%3Dlightbox%26settings%3DeyJpZCI6NzEyLCJ1cmwiOiJodHRwczpcL1wvd2VsbG5lc3Mtc2FpbnQtYW50b2luZS5iZVwvd3AtY29udGVudFwvdXBsb2Fkc1wvMjAyNVwvMDFcL1NhbGxlLWRlLXJldW5pb24tNC01LTEzLXNjYWxlZC5qcGciLCJzbGlkZXNob3ciOiI1NDUwNzk2In0%3D\">\n\t\t\t\t\t<div class=\"e-gallery-image elementor-gallery-item__image\" data-thumbnail=\"https:\/\/wellness-saint-antoine.be\/wp-content\/uploads\/2025\/01\/Salle-de-reunion-4-5-13-240x300.jpg\" data-width=\"240\" data-height=\"300\" aria-label=\"\" role=\"img\" ><\/div>\n\t\t\t\t\t\t\t\t\t\t\t<div class=\"elementor-gallery-item__overlay\"><\/div>\n\t\t\t\t\t\t\t\t\t\t\t\t\t\t<\/a>\n\t\t\t\t\t\t\t<a class=\"e-gallery-item elementor-gallery-item elementor-animated-content\" href=\"https:\/\/wellness-saint-antoine.be\/wp-content\/uploads\/2025\/01\/Salle-de-reunion-4-5-18-scaled.jpg\" data-elementor-open-lightbox=\"yes\" data-elementor-lightbox-slideshow=\"5450796\" data-elementor-lightbox-title=\"Salle de re\u0301union 4-5 - 18\" data-e-action-hash=\"#elementor-action%3Aaction%3Dlightbox%26settings%3DeyJpZCI6NzE3LCJ1cmwiOiJodHRwczpcL1wvd2VsbG5lc3Mtc2FpbnQtYW50b2luZS5iZVwvd3AtY29udGVudFwvdXBsb2Fkc1wvMjAyNVwvMDFcL1NhbGxlLWRlLXJldW5pb24tNC01LTE4LXNjYWxlZC5qcGciLCJzbGlkZXNob3ciOiI1NDUwNzk2In0%3D\">\n\t\t\t\t\t<div class=\"e-gallery-image elementor-gallery-item__image\" data-thumbnail=\"https:\/\/wellness-saint-antoine.be\/wp-content\/uploads\/2025\/01\/Salle-de-reunion-4-5-18-240x300.jpg\" data-width=\"240\" data-height=\"300\" aria-label=\"\" role=\"img\" ><\/div>\n\t\t\t\t\t\t\t\t\t\t\t<div class=\"elementor-gallery-item__overlay\"><\/div>\n\t\t\t\t\t\t\t\t\t\t\t\t\t\t<\/a>\n\t\t\t\t\t\t\t<a class=\"e-gallery-item elementor-gallery-item elementor-animated-content\" href=\"https:\/\/wellness-saint-antoine.be\/wp-content\/uploads\/2025\/01\/Salle-de-reunion-4-5-08-scaled.jpg\" data-elementor-open-lightbox=\"yes\" data-elementor-lightbox-slideshow=\"5450796\" data-elementor-lightbox-title=\"Salle de re\u0301union 4-5 - 08\" data-e-action-hash=\"#elementor-action%3Aaction%3Dlightbox%26settings%3DeyJpZCI6NzA3LCJ1cmwiOiJodHRwczpcL1wvd2VsbG5lc3Mtc2FpbnQtYW50b2luZS5iZVwvd3AtY29udGVudFwvdXBsb2Fkc1wvMjAyNVwvMDFcL1NhbGxlLWRlLXJldW5pb24tNC01LTA4LXNjYWxlZC5qcGciLCJzbGlkZXNob3ciOiI1NDUwNzk2In0%3D\">\n\t\t\t\t\t<div class=\"e-gallery-image elementor-gallery-item__image\" data-thumbnail=\"https:\/\/wellness-saint-antoine.be\/wp-content\/uploads\/2025\/01\/Salle-de-reunion-4-5-08-240x300.jpg\" data-width=\"240\" data-height=\"300\" aria-label=\"\" role=\"img\" ><\/div>\n\t\t\t\t\t\t\t\t\t\t\t<div class=\"elementor-gallery-item__overlay\"><\/div>\n\t\t\t\t\t\t\t\t\t\t\t\t\t\t<\/a>\n\t\t\t\t\t<\/div>\n\t\t\t\t\t<\/div>\n\t\t\t\t<\/div>\n\t\t\t\t<\/div>\n\t\t\t\t<\/div>\n\t\t\t\t<\/div>\n\t\t\t\t<\/div>\n\t\t\t\t\t<\/div>\n\t\t\t\t<\/div>\n\t\t\t\t<\/div>","protected":false},"excerpt":{"rendered":"<p>Salle de r\u00e9union Une Salle de R\u00e9union au C\u0153ur de la Chapelle En qu\u00eate d&rsquo;un espace unique pour vos r\u00e9unions strat\u00e9giques ou cr\u00e9atives ? Wellness Saint-Antoine vous propose une salle de r\u00e9union exceptionnelle, nich\u00e9e dans l&rsquo;enceinte de notre chapelle historique. Con\u00e7ue pour accueillir confortablement 10 \u00e0 12 personnes, cette salle offre un cadre paisible et [&hellip;]<\/p>\n","protected":false},"author":1,"featured_media":0,"parent":0,"menu_order":0,"comment_status":"closed","ping_status":"closed","template":"elementor_header_footer","meta":{"footnotes":""},"class_list":["post-290","page","type-page","status-publish","hentry"],"yoast_head":"<!-- This site is optimized with the Yoast SEO plugin v27.3 - https:\/\/yoast.com\/product\/yoast-seo-wordpress\/ -->\n<title>Salle de r\u00e9union - Wellness Saint Antoine<\/title>\n<meta name=\"robots\" content=\"index, follow, max-snippet:-1, max-image-preview:large, max-video-preview:-1\" \/>\n<link rel=\"canonical\" href=\"https:\/\/wellness-saint-antoine.be\/en\/salle-de-reunion\/\" \/>\n<meta property=\"og:locale\" content=\"en_GB\" \/>\n<meta property=\"og:type\" content=\"article\" \/>\n<meta property=\"og:title\" content=\"Salle de r\u00e9union - Wellness Saint Antoine\" \/>\n<meta property=\"og:description\" content=\"Salle de r\u00e9union Une Salle de R\u00e9union au C\u0153ur de la Chapelle En qu\u00eate d&rsquo;un espace unique pour vos r\u00e9unions strat\u00e9giques ou cr\u00e9atives ? Wellness Saint-Antoine vous propose une salle de r\u00e9union exceptionnelle, nich\u00e9e dans l&rsquo;enceinte de notre chapelle historique. Con\u00e7ue pour accueillir confortablement 10 \u00e0 12 personnes, cette salle offre un cadre paisible et [&hellip;]\" \/>\n<meta property=\"og:url\" content=\"https:\/\/wellness-saint-antoine.be\/en\/salle-de-reunion\/\" \/>\n<meta property=\"og:site_name\" content=\"Wellness Saint Antoine\" \/>\n<meta property=\"article:publisher\" content=\"https:\/\/www.facebook.com\/profile.php?id=61569717770150\" \/>\n<meta property=\"article:modified_time\" content=\"2025-01-07T14:37:33+00:00\" \/>\n<meta name=\"twitter:card\" content=\"summary_large_image\" \/>\n<meta name=\"twitter:label1\" content=\"Estimated reading time\" \/>\n\t<meta name=\"twitter:data1\" content=\"1 minute\" \/>\n<script type=\"application\/ld+json\" class=\"yoast-schema-graph\">{\"@context\":\"https:\\\/\\\/schema.org\",\"@graph\":[{\"@type\":\"WebPage\",\"@id\":\"https:\\\/\\\/wellness-saint-antoine.be\\\/salle-de-reunion\\\/\",\"url\":\"https:\\\/\\\/wellness-saint-antoine.be\\\/salle-de-reunion\\\/\",\"name\":\"Salle de r\u00e9union - Wellness Saint Antoine\",\"isPartOf\":{\"@id\":\"https:\\\/\\\/wellness-saint-antoine.be\\\/#website\"},\"datePublished\":\"2024-11-25T11:43:43+00:00\",\"dateModified\":\"2025-01-07T14:37:33+00:00\",\"breadcrumb\":{\"@id\":\"https:\\\/\\\/wellness-saint-antoine.be\\\/salle-de-reunion\\\/#breadcrumb\"},\"inLanguage\":\"en-GB\",\"potentialAction\":[{\"@type\":\"ReadAction\",\"target\":[\"https:\\\/\\\/wellness-saint-antoine.be\\\/salle-de-reunion\\\/\"]}]},{\"@type\":\"BreadcrumbList\",\"@id\":\"https:\\\/\\\/wellness-saint-antoine.be\\\/salle-de-reunion\\\/#breadcrumb\",\"itemListElement\":[{\"@type\":\"ListItem\",\"position\":1,\"name\":\"Accueil\",\"item\":\"https:\\\/\\\/wellness-saint-antoine.be\\\/\"},{\"@type\":\"ListItem\",\"position\":2,\"name\":\"Salle de r\u00e9union\"}]},{\"@type\":\"WebSite\",\"@id\":\"https:\\\/\\\/wellness-saint-antoine.be\\\/#website\",\"url\":\"https:\\\/\\\/wellness-saint-antoine.be\\\/\",\"name\":\"Wellness Saint Antoine\",\"description\":\"\",\"publisher\":{\"@id\":\"https:\\\/\\\/wellness-saint-antoine.be\\\/#organization\"},\"potentialAction\":[{\"@type\":\"SearchAction\",\"target\":{\"@type\":\"EntryPoint\",\"urlTemplate\":\"https:\\\/\\\/wellness-saint-antoine.be\\\/?s={search_term_string}\"},\"query-input\":{\"@type\":\"PropertyValueSpecification\",\"valueRequired\":true,\"valueName\":\"search_term_string\"}}],\"inLanguage\":\"en-GB\"},{\"@type\":\"Organization\",\"@id\":\"https:\\\/\\\/wellness-saint-antoine.be\\\/#organization\",\"name\":\"Wellness Saint Antoine\",\"url\":\"https:\\\/\\\/wellness-saint-antoine.be\\\/\",\"logo\":{\"@type\":\"ImageObject\",\"inLanguage\":\"en-GB\",\"@id\":\"https:\\\/\\\/wellness-saint-antoine.be\\\/#\\\/schema\\\/logo\\\/image\\\/\",\"url\":\"https:\\\/\\\/wellness-saint-antoine.be\\\/wp-content\\\/uploads\\\/2024\\\/09\\\/cropped-Logo-wellness-St-Antoine-.png\",\"contentUrl\":\"https:\\\/\\\/wellness-saint-antoine.be\\\/wp-content\\\/uploads\\\/2024\\\/09\\\/cropped-Logo-wellness-St-Antoine-.png\",\"width\":2571,\"height\":2417,\"caption\":\"Wellness Saint Antoine\"},\"image\":{\"@id\":\"https:\\\/\\\/wellness-saint-antoine.be\\\/#\\\/schema\\\/logo\\\/image\\\/\"},\"sameAs\":[\"https:\\\/\\\/www.facebook.com\\\/profile.php?id=61569717770150\"]}]}<\/script>\n<!-- \/ Yoast SEO plugin. -->","yoast_head_json":{"title":"Salle de r\u00e9union - Wellness Saint Antoine","robots":{"index":"index","follow":"follow","max-snippet":"max-snippet:-1","max-image-preview":"max-image-preview:large","max-video-preview":"max-video-preview:-1"},"canonical":"https:\/\/wellness-saint-antoine.be\/en\/salle-de-reunion\/","og_locale":"en_GB","og_type":"article","og_title":"Salle de r\u00e9union - Wellness Saint Antoine","og_description":"Salle de r\u00e9union Une Salle de R\u00e9union au C\u0153ur de la Chapelle En qu\u00eate d&rsquo;un espace unique pour vos r\u00e9unions strat\u00e9giques ou cr\u00e9atives ? Wellness Saint-Antoine vous propose une salle de r\u00e9union exceptionnelle, nich\u00e9e dans l&rsquo;enceinte de notre chapelle historique. Con\u00e7ue pour accueillir confortablement 10 \u00e0 12 personnes, cette salle offre un cadre paisible et [&hellip;]","og_url":"https:\/\/wellness-saint-antoine.be\/en\/salle-de-reunion\/","og_site_name":"Wellness Saint Antoine","article_publisher":"https:\/\/www.facebook.com\/profile.php?id=61569717770150","article_modified_time":"2025-01-07T14:37:33+00:00","twitter_card":"summary_large_image","twitter_misc":{"Estimated reading time":"1 minute"},"schema":{"@context":"https:\/\/schema.org","@graph":[{"@type":"WebPage","@id":"https:\/\/wellness-saint-antoine.be\/salle-de-reunion\/","url":"https:\/\/wellness-saint-antoine.be\/salle-de-reunion\/","name":"Salle de r\u00e9union - Wellness Saint Antoine","isPartOf":{"@id":"https:\/\/wellness-saint-antoine.be\/#website"},"datePublished":"2024-11-25T11:43:43+00:00","dateModified":"2025-01-07T14:37:33+00:00","breadcrumb":{"@id":"https:\/\/wellness-saint-antoine.be\/salle-de-reunion\/#breadcrumb"},"inLanguage":"en-GB","potentialAction":[{"@type":"ReadAction","target":["https:\/\/wellness-saint-antoine.be\/salle-de-reunion\/"]}]},{"@type":"BreadcrumbList","@id":"https:\/\/wellness-saint-antoine.be\/salle-de-reunion\/#breadcrumb","itemListElement":[{"@type":"ListItem","position":1,"name":"Accueil","item":"https:\/\/wellness-saint-antoine.be\/"},{"@type":"ListItem","position":2,"name":"Salle de r\u00e9union"}]},{"@type":"WebSite","@id":"https:\/\/wellness-saint-antoine.be\/#website","url":"https:\/\/wellness-saint-antoine.be\/","name":"Wellness Saint Antoine","description":"","publisher":{"@id":"https:\/\/wellness-saint-antoine.be\/#organization"},"potentialAction":[{"@type":"SearchAction","target":{"@type":"EntryPoint","urlTemplate":"https:\/\/wellness-saint-antoine.be\/?s={search_term_string}"},"query-input":{"@type":"PropertyValueSpecification","valueRequired":true,"valueName":"search_term_string"}}],"inLanguage":"en-GB"},{"@type":"Organization","@id":"https:\/\/wellness-saint-antoine.be\/#organization","name":"Wellness Saint Antoine","url":"https:\/\/wellness-saint-antoine.be\/","logo":{"@type":"ImageObject","inLanguage":"en-GB","@id":"https:\/\/wellness-saint-antoine.be\/#\/schema\/logo\/image\/","url":"https:\/\/wellness-saint-antoine.be\/wp-content\/uploads\/2024\/09\/cropped-Logo-wellness-St-Antoine-.png","contentUrl":"https:\/\/wellness-saint-antoine.be\/wp-content\/uploads\/2024\/09\/cropped-Logo-wellness-St-Antoine-.png","width":2571,"height":2417,"caption":"Wellness Saint Antoine"},"image":{"@id":"https:\/\/wellness-saint-antoine.be\/#\/schema\/logo\/image\/"},"sameAs":["https:\/\/www.facebook.com\/profile.php?id=61569717770150"]}]}},"_links":{"self":[{"href":"https:\/\/wellness-saint-antoine.be\/en\/wp-json\/wp\/v2\/pages\/290","targetHints":{"allow":["GET"]}}],"collection":[{"href":"https:\/\/wellness-saint-antoine.be\/en\/wp-json\/wp\/v2\/pages"}],"about":[{"href":"https:\/\/wellness-saint-antoine.be\/en\/wp-json\/wp\/v2\/types\/page"}],"author":[{"embeddable":true,"href":"https:\/\/wellness-saint-antoine.be\/en\/wp-json\/wp\/v2\/users\/1"}],"replies":[{"embeddable":true,"href":"https:\/\/wellness-saint-antoine.be\/en\/wp-json\/wp\/v2\/comments?post=290"}],"version-history":[{"count":35,"href":"https:\/\/wellness-saint-antoine.be\/en\/wp-json\/wp\/v2\/pages\/290\/revisions"}],"predecessor-version":[{"id":818,"href":"https:\/\/wellness-saint-antoine.be\/en\/wp-json\/wp\/v2\/pages\/290\/revisions\/818"}],"wp:attachment":[{"href":"https:\/\/wellness-saint-antoine.be\/en\/wp-json\/wp\/v2\/media?parent=290"}],"curies":[{"name":"wp","href":"https:\/\/api.w.org\/{rel}","templated":true}]}}