{"id":186,"date":"2024-10-10T16:17:01","date_gmt":"2024-10-10T14:17:01","guid":{"rendered":"https:\/\/wellness-saint-antoine.be\/?page_id=186"},"modified":"2026-02-02T10:43:40","modified_gmt":"2026-02-02T09:43:40","slug":"contact-reservations","status":"publish","type":"page","link":"https:\/\/wellness-saint-antoine.be\/en\/contact-reservations\/","title":{"rendered":"Booking &amp; Contact"},"content":{"rendered":"\t\t<div data-elementor-type=\"wp-page\" data-elementor-id=\"186\" class=\"elementor elementor-186\" data-elementor-post-type=\"page\">\n\t\t\t\t<div class=\"elementor-element elementor-element-2aadaf69 e-flex e-con-boxed e-con e-parent\" data-id=\"2aadaf69\" data-element_type=\"container\" data-e-type=\"container\" data-settings=\"{&quot;background_background&quot;:&quot;classic&quot;}\">\n\t\t\t\t\t<div class=\"e-con-inner\">\n\t\t\t\t<div class=\"elementor-element elementor-element-71e2917c elementor-widget elementor-widget-heading\" data-id=\"71e2917c\" data-element_type=\"widget\" data-e-type=\"widget\" data-widget_type=\"heading.default\">\n\t\t\t\t<div class=\"elementor-widget-container\">\n\t\t\t\t\t<h1 class=\"elementor-heading-title elementor-size-default\">R\u00e9servations &amp; Contact<\/h1>\t\t\t\t<\/div>\n\t\t\t\t<\/div>\n\t\t\t\t\t<\/div>\n\t\t\t\t<\/div>\n\t\t<div class=\"elementor-element elementor-element-976699a e-flex e-con-boxed e-con e-parent\" data-id=\"976699a\" data-element_type=\"container\" data-e-type=\"container\" data-settings=\"{&quot;background_background&quot;:&quot;classic&quot;}\">\n\t\t\t\t\t<div class=\"e-con-inner\">\n\t\t<div class=\"elementor-element elementor-element-9bb8280 e-con-full e-flex e-con e-child\" data-id=\"9bb8280\" data-element_type=\"container\" data-e-type=\"container\">\n\t\t\t\t<div class=\"elementor-element elementor-element-45ee0a9 elementor-widget__width-initial elementor-widget elementor-widget-heading\" data-id=\"45ee0a9\" data-element_type=\"widget\" data-e-type=\"widget\" data-widget_type=\"heading.default\">\n\t\t\t\t<div class=\"elementor-widget-container\">\n\t\t\t\t\t<h2 class=\"elementor-heading-title elementor-size-default\">Je r\u00e9serve ma pause wellness<\/h2>\t\t\t\t<\/div>\n\t\t\t\t<\/div>\n\t\t\t\t<div class=\"elementor-element elementor-element-92584d4 elementor-widget-divider--view-line elementor-widget elementor-widget-divider\" data-id=\"92584d4\" data-element_type=\"widget\" data-e-type=\"widget\" data-widget_type=\"divider.default\">\n\t\t\t\t<div class=\"elementor-widget-container\">\n\t\t\t\t\t\t\t<div class=\"elementor-divider\">\n\t\t\t<span class=\"elementor-divider-separator\">\n\t\t\t\t\t\t<\/span>\n\t\t<\/div>\n\t\t\t\t\t\t<\/div>\n\t\t\t\t<\/div>\n\t\t\t\t<div class=\"elementor-element elementor-element-d6cad75 elementor-widget elementor-widget-text-editor\" data-id=\"d6cad75\" data-element_type=\"widget\" data-e-type=\"widget\" data-widget_type=\"text-editor.default\">\n\t\t\t\t<div class=\"elementor-widget-container\">\n\t\t\t\t\t\t\t\t\t<h4>\u00a0<\/h4>\t\t\t\t\t\t\t\t<\/div>\n\t\t\t\t<\/div>\n\t\t\t\t<\/div>\n\t\t<div class=\"elementor-element elementor-element-49182b2 e-con-full e-flex e-con e-child\" data-id=\"49182b2\" data-element_type=\"container\" data-e-type=\"container\">\n\t\t\t\t<div class=\"elementor-element elementor-element-754c3e1 elementor-widget elementor-widget-catalogbooking\" data-id=\"754c3e1\" data-element_type=\"widget\" data-e-type=\"widget\" data-widget_type=\"catalogbooking.default\">\n\t\t\t\t<div class=\"elementor-widget-container\">\n\t\t\t\t\t\n<script>\n  if (typeof hasAmeliaEntitiesApiCall === 'undefined' && '' === '') {\n    var hasAmeliaEntitiesApiCall = true;\n  }\n  var ameliaShortcodeData = (typeof ameliaShortcodeData === 'undefined') ? [] : ameliaShortcodeData;\n  ameliaShortcodeData.push(\n    {\n      'hasApiCall': (typeof hasAmeliaEntitiesApiCall !== 'undefined') && hasAmeliaEntitiesApiCall,\n      'trigger': '',\n      'trigger_type': '',\n      'triggered_form': 'cbf',\n      'in_dialog': '',\n      'show': '',\n      'counter': '1000',\n      'package': '',\n      'category': '',\n      'service': '',\n      'employee': '',\n      'location': '',\n      'categories_hidden': ''\n    }\n  );\n  var ameliaShortcodeDataTriggered = (typeof ameliaShortcodeDataTriggered === 'undefined') ? [] : ameliaShortcodeDataTriggered;\n  if (ameliaShortcodeData[ameliaShortcodeData.length - 1].trigger !== '') {\n    if (ameliaShortcodeDataTriggered.filter(a => a.counter === ameliaShortcodeData[ameliaShortcodeData.length - 1].counter).length === 0) {\n      ameliaShortcodeDataTriggered.push(ameliaShortcodeData.pop());\n    } else {\n      ameliaShortcodeData.pop()\n    }\n  }\n  if (typeof hasAmeliaEntitiesApiCall !== 'undefined' && hasAmeliaEntitiesApiCall) {\n    hasAmeliaEntitiesApiCall = false;\n  }\n<\/script>\n\n<div\n  id=\"amelia-v2-booking-1000\"\n  class=\"amelia-v2-booking\"\n>\n    <catalog-form-wrapper><\/catalog-form-wrapper><\/div>\n\t\t\t\t<\/div>\n\t\t\t\t<\/div>\n\t\t\t\t<\/div>\n\t\t\t\t\t<\/div>\n\t\t\t\t<\/div>\n\t\t<div class=\"elementor-element elementor-element-c148eff e-flex e-con-boxed e-con e-parent\" data-id=\"c148eff\" data-element_type=\"container\" data-e-type=\"container\">\n\t\t\t\t\t<div class=\"e-con-inner\">\n\t\t<div class=\"elementor-element elementor-element-f75e02b e-con-full e-flex e-con e-child\" data-id=\"f75e02b\" data-element_type=\"container\" data-e-type=\"container\">\n\t\t\t\t<div class=\"elementor-element elementor-element-7ae411c elementor-widget elementor-widget-heading\" data-id=\"7ae411c\" data-element_type=\"widget\" data-e-type=\"widget\" data-widget_type=\"heading.default\">\n\t\t\t\t<div class=\"elementor-widget-container\">\n\t\t\t\t\t<h2 class=\"elementor-heading-title elementor-size-default\">Conditions de r\u00e9servation<\/h2>\t\t\t\t<\/div>\n\t\t\t\t<\/div>\n\t\t\t\t<\/div>\n\t\t<div class=\"elementor-element elementor-element-8561696 e-con-full e-flex e-con e-child\" data-id=\"8561696\" data-element_type=\"container\" data-e-type=\"container\">\n\t\t\t\t<div class=\"elementor-element elementor-element-cc6151e elementor-widget elementor-widget-text-editor\" data-id=\"cc6151e\" data-element_type=\"widget\" data-e-type=\"widget\" data-widget_type=\"text-editor.default\">\n\t\t\t\t<div class=\"elementor-widget-container\">\n\t\t\t\t\t\t\t\t\t<p><span style=\"font-weight: 400;\">Uniquement sur rendez-vous.&nbsp;&nbsp;<\/span><\/p>\n<p><span style=\"font-weight: 400;\">Veuillez-vous pr\u00e9senter 10 minutes avant l&rsquo;heure de votre rendez-vous.&nbsp;&nbsp;<\/span><\/p>\n<p><span style=\"font-weight: 400;\">Le forfait de base comprend un verre de bienvenue et la mise \u00e0 disposition de peignoirs, serviettes, soft drinks, fruits frais et produits de soin au lait d\u2019\u00e2nesse.&nbsp;&nbsp;<\/span><\/p>\n<p><span style=\"font-weight: 400;\">Les pantoufles sont obligatoires mais elles ne sont pas comprises dans le forfait, merci de pr\u00e9voir vos propres pantoufles.&nbsp;&nbsp;<\/span><\/p>\n<p><span style=\"font-weight: 400;\">Le port du peignoir est obligatoire pour les d\u00e9placements dans le centre ainsi que le port du maillot \u00e0 la piscine.<\/span><\/p><p>Toute r\u00e9servation doit \u00eatre accompagn\u00e9e d&rsquo;un acompte sans lequel elle ne sera pas effective.<\/p>\n<p><span style=\"font-weight: 400;\">Toute annulation doit se faire imp\u00e9rativement 48h avant le rendez-vous, dans ce cas le montant de la r\u00e9servation vous sera rembours\u00e9 sous la forme d\u2019un ch\u00e8que cadeau valable 3 mois.&nbsp;&nbsp;<\/span><\/p>\n<p><span style=\"font-weight: 400;\">Si vous \u00eates en possession d\u2019un ch\u00e8que cadeau, celui-ci devra \u00eatre pr\u00e9sent\u00e9 \u00e0 l\u2019accueil \u00e0 votre arriv\u00e9e.&nbsp;&nbsp;<\/span><\/p>\n<p><span style=\"font-weight: 400;\">Les ch\u00e8ques cadeaux ne sont ni \u00e9changeables ni remboursables, ils sont valables 1 an \u00e0 partir de la date d\u2019\u00e9mission. Ils ne sont pas \u00e9changeables sur l\u2019achat de produits de soin \u00e0 la vente.&nbsp;&nbsp;<\/span><\/p>\n<p><span style=\"font-weight: 400;\">Le spa privatif est exclusivement r\u00e9serv\u00e9 \u00e0 une client\u00e8le adulte, ainsi qu\u2019aux enfants&nbsp; \u00e0 partir de 12ans accompagn\u00e9s d\u2019un parent.&nbsp;&nbsp;<\/span><\/p>\n<p><span style=\"font-weight: 400;\">Il n\u2019est pas permis d\u2019apporter de la nourriture \u00e0 l\u2019int\u00e9rieur du spa privatif.&nbsp;&nbsp;<\/span><\/p>\n<p><span style=\"font-weight: 400;\">Merci pour votre compr\u00e9hension.&nbsp;&nbsp;<\/span><\/p>\t\t\t\t\t\t\t\t<\/div>\n\t\t\t\t<\/div>\n\t\t\t\t<div class=\"elementor-element elementor-element-e23605e elementor-widget elementor-widget-spacer\" data-id=\"e23605e\" data-element_type=\"widget\" data-e-type=\"widget\" data-widget_type=\"spacer.default\">\n\t\t\t\t<div class=\"elementor-widget-container\">\n\t\t\t\t\t\t\t<div class=\"elementor-spacer\">\n\t\t\t<div class=\"elementor-spacer-inner\"><\/div>\n\t\t<\/div>\n\t\t\t\t\t\t<\/div>\n\t\t\t\t<\/div>\n\t\t\t\t<\/div>\n\t\t\t\t\t<\/div>\n\t\t\t\t<\/div>\n\t\t<div class=\"elementor-element elementor-element-b0570a2 e-con-full e-flex e-con e-parent\" data-id=\"b0570a2\" data-element_type=\"container\" data-e-type=\"container\">\n\t\t<div class=\"elementor-element elementor-element-69805c4 e-con-full e-flex e-con e-child\" data-id=\"69805c4\" data-element_type=\"container\" data-e-type=\"container\">\n\t\t\t\t<div class=\"elementor-element elementor-element-ff5c8b2 elementor-widget-tablet__width-inherit elementor-widget elementor-widget-google_maps\" data-id=\"ff5c8b2\" data-element_type=\"widget\" data-e-type=\"widget\" data-widget_type=\"google_maps.default\">\n\t\t\t\t<div class=\"elementor-widget-container\">\n\t\t\t\t\t\t\t<div class=\"elementor-custom-embed\">\n\t\t\t<iframe loading=\"lazy\"\n\t\t\t\t\tsrc=\"https:\/\/maps.google.com\/maps?q=rue%20des%20D%C3%A9port%C3%A9s%2C%2087%207061%20Casteau&#038;t=m&#038;z=16&#038;output=embed&#038;iwloc=near\"\n\t\t\t\t\ttitle=\"rue des D\u00e9port\u00e9s, 87 7061 Casteau\"\n\t\t\t\t\taria-label=\"rue des D\u00e9port\u00e9s, 87 7061 Casteau\"\n\t\t\t><\/iframe>\n\t\t<\/div>\n\t\t\t\t\t\t<\/div>\n\t\t\t\t<\/div>\n\t\t\t\t<\/div>\n\t\t<div class=\"elementor-element elementor-element-2241eb6 e-con-full e-flex e-con e-child\" data-id=\"2241eb6\" data-element_type=\"container\" data-e-type=\"container\">\n\t\t\t\t<div class=\"elementor-element elementor-element-46496ea9 elementor-widget elementor-widget-heading\" data-id=\"46496ea9\" data-element_type=\"widget\" data-e-type=\"widget\" data-widget_type=\"heading.default\">\n\t\t\t\t<div class=\"elementor-widget-container\">\n\t\t\t\t\t<h2 class=\"elementor-heading-title elementor-size-default\">Nous contacter<\/h2>\t\t\t\t<\/div>\n\t\t\t\t<\/div>\n\t\t\t\t<div class=\"elementor-element elementor-element-92eebea elementor-icon-list--layout-traditional elementor-list-item-link-full_width elementor-widget elementor-widget-icon-list\" data-id=\"92eebea\" data-element_type=\"widget\" data-e-type=\"widget\" data-widget_type=\"icon-list.default\">\n\t\t\t\t<div class=\"elementor-widget-container\">\n\t\t\t\t\t\t\t<ul class=\"elementor-icon-list-items\">\n\t\t\t\t\t\t\t<li class=\"elementor-icon-list-item\">\n\t\t\t\t\t\t\t\t\t\t\t<span class=\"elementor-icon-list-icon\">\n\t\t\t\t\t\t\t<svg aria-hidden=\"true\" class=\"e-font-icon-svg e-fas-map-marker-alt\" viewBox=\"0 0 384 512\" xmlns=\"http:\/\/www.w3.org\/2000\/svg\"><path d=\"M172.268 501.67C26.97 291.031 0 269.413 0 192 0 85.961 85.961 0 192 0s192 85.961 192 192c0 77.413-26.97 99.031-172.268 309.67-9.535 13.774-29.93 13.773-39.464 0zM192 272c44.183 0 80-35.817 80-80s-35.817-80-80-80-80 35.817-80 80 35.817 80 80 80z\"><\/path><\/svg>\t\t\t\t\t\t<\/span>\n\t\t\t\t\t\t\t\t\t\t<span class=\"elementor-icon-list-text\">rue des D\u00e9port\u00e9s, 87 <br>7061 Casteau<\/span>\n\t\t\t\t\t\t\t\t\t<\/li>\n\t\t\t\t\t\t\t\t<li class=\"elementor-icon-list-item\">\n\t\t\t\t\t\t\t\t\t\t\t<span class=\"elementor-icon-list-icon\">\n\t\t\t\t\t\t\t<svg aria-hidden=\"true\" class=\"e-font-icon-svg e-fas-envelope\" viewBox=\"0 0 512 512\" xmlns=\"http:\/\/www.w3.org\/2000\/svg\"><path d=\"M502.3 190.8c3.9-3.1 9.7-.2 9.7 4.7V400c0 26.5-21.5 48-48 48H48c-26.5 0-48-21.5-48-48V195.6c0-5 5.7-7.8 9.7-4.7 22.4 17.4 52.1 39.5 154.1 113.6 21.1 15.4 56.7 47.8 92.2 47.6 35.7.3 72-32.8 92.3-47.6 102-74.1 131.6-96.3 154-113.7zM256 320c23.2.4 56.6-29.2 73.4-41.4 132.7-96.3 142.8-104.7 173.4-128.7 5.8-4.5 9.2-11.5 9.2-18.9v-19c0-26.5-21.5-48-48-48H48C21.5 64 0 85.5 0 112v19c0 7.4 3.4 14.3 9.2 18.9 30.6 23.9 40.7 32.4 173.4 128.7 16.8 12.2 50.2 41.8 73.4 41.4z\"><\/path><\/svg>\t\t\t\t\t\t<\/span>\n\t\t\t\t\t\t\t\t\t\t<span class=\"elementor-icon-list-text\">csacasteau@gmail.com<\/span>\n\t\t\t\t\t\t\t\t\t<\/li>\n\t\t\t\t\t\t\t\t<li class=\"elementor-icon-list-item\">\n\t\t\t\t\t\t\t\t\t\t\t<a href=\"http:\/\/+3265651707\">\n\n\t\t\t\t\t\t\t\t\t\t\t\t<span class=\"elementor-icon-list-icon\">\n\t\t\t\t\t\t\t<svg aria-hidden=\"true\" class=\"e-font-icon-svg e-fas-phone-alt\" viewBox=\"0 0 512 512\" xmlns=\"http:\/\/www.w3.org\/2000\/svg\"><path d=\"M497.39 361.8l-112-48a24 24 0 0 0-28 6.9l-49.6 60.6A370.66 370.66 0 0 1 130.6 204.11l60.6-49.6a23.94 23.94 0 0 0 6.9-28l-48-112A24.16 24.16 0 0 0 122.6.61l-104 24A24 24 0 0 0 0 48c0 256.5 207.9 464 464 464a24 24 0 0 0 23.4-18.6l24-104a24.29 24.29 0 0 0-14.01-27.6z\"><\/path><\/svg>\t\t\t\t\t\t<\/span>\n\t\t\t\t\t\t\t\t\t\t<span class=\"elementor-icon-list-text\">065\/65 17 07<\/span>\n\t\t\t\t\t\t\t\t\t\t\t<\/a>\n\t\t\t\t\t\t\t\t\t<\/li>\n\t\t\t\t\t\t\t\t<li class=\"elementor-icon-list-item\">\n\t\t\t\t\t\t\t\t\t\t\t<a href=\"http:\/\/+3265651707\">\n\n\t\t\t\t\t\t\t\t\t\t\t\t<span class=\"elementor-icon-list-icon\">\n\t\t\t\t\t\t\t<svg aria-hidden=\"true\" class=\"e-font-icon-svg e-fas-calendar-alt\" viewBox=\"0 0 448 512\" xmlns=\"http:\/\/www.w3.org\/2000\/svg\"><path d=\"M0 464c0 26.5 21.5 48 48 48h352c26.5 0 48-21.5 48-48V192H0v272zm320-196c0-6.6 5.4-12 12-12h40c6.6 0 12 5.4 12 12v40c0 6.6-5.4 12-12 12h-40c-6.6 0-12-5.4-12-12v-40zm0 128c0-6.6 5.4-12 12-12h40c6.6 0 12 5.4 12 12v40c0 6.6-5.4 12-12 12h-40c-6.6 0-12-5.4-12-12v-40zM192 268c0-6.6 5.4-12 12-12h40c6.6 0 12 5.4 12 12v40c0 6.6-5.4 12-12 12h-40c-6.6 0-12-5.4-12-12v-40zm0 128c0-6.6 5.4-12 12-12h40c6.6 0 12 5.4 12 12v40c0 6.6-5.4 12-12 12h-40c-6.6 0-12-5.4-12-12v-40zM64 268c0-6.6 5.4-12 12-12h40c6.6 0 12 5.4 12 12v40c0 6.6-5.4 12-12 12H76c-6.6 0-12-5.4-12-12v-40zm0 128c0-6.6 5.4-12 12-12h40c6.6 0 12 5.4 12 12v40c0 6.6-5.4 12-12 12H76c-6.6 0-12-5.4-12-12v-40zM400 64h-48V16c0-8.8-7.2-16-16-16h-32c-8.8 0-16 7.2-16 16v48H160V16c0-8.8-7.2-16-16-16h-32c-8.8 0-16 7.2-16 16v48H48C21.5 64 0 85.5 0 112v48h448v-48c0-26.5-21.5-48-48-48z\"><\/path><\/svg>\t\t\t\t\t\t<\/span>\n\t\t\t\t\t\t\t\t\t\t<span class=\"elementor-icon-list-text\"> Lundi, mercredi, jeudi, vendredi, samedi et dimanche : 10h00-21h00<\/span>\n\t\t\t\t\t\t\t\t\t\t\t<\/a>\n\t\t\t\t\t\t\t\t\t<\/li>\n\t\t\t\t\t\t\t\t<li class=\"elementor-icon-list-item\">\n\t\t\t\t\t\t\t\t\t\t\t<a href=\"http:\/\/+3265651707\">\n\n\t\t\t\t\t\t\t\t\t\t\t\t<span class=\"elementor-icon-list-icon\">\n\t\t\t\t\t\t\t<svg aria-hidden=\"true\" class=\"e-font-icon-svg e-fas-calendar-alt\" viewBox=\"0 0 448 512\" xmlns=\"http:\/\/www.w3.org\/2000\/svg\"><path d=\"M0 464c0 26.5 21.5 48 48 48h352c26.5 0 48-21.5 48-48V192H0v272zm320-196c0-6.6 5.4-12 12-12h40c6.6 0 12 5.4 12 12v40c0 6.6-5.4 12-12 12h-40c-6.6 0-12-5.4-12-12v-40zm0 128c0-6.6 5.4-12 12-12h40c6.6 0 12 5.4 12 12v40c0 6.6-5.4 12-12 12h-40c-6.6 0-12-5.4-12-12v-40zM192 268c0-6.6 5.4-12 12-12h40c6.6 0 12 5.4 12 12v40c0 6.6-5.4 12-12 12h-40c-6.6 0-12-5.4-12-12v-40zm0 128c0-6.6 5.4-12 12-12h40c6.6 0 12 5.4 12 12v40c0 6.6-5.4 12-12 12h-40c-6.6 0-12-5.4-12-12v-40zM64 268c0-6.6 5.4-12 12-12h40c6.6 0 12 5.4 12 12v40c0 6.6-5.4 12-12 12H76c-6.6 0-12-5.4-12-12v-40zm0 128c0-6.6 5.4-12 12-12h40c6.6 0 12 5.4 12 12v40c0 6.6-5.4 12-12 12H76c-6.6 0-12-5.4-12-12v-40zM400 64h-48V16c0-8.8-7.2-16-16-16h-32c-8.8 0-16 7.2-16 16v48H160V16c0-8.8-7.2-16-16-16h-32c-8.8 0-16 7.2-16 16v48H48C21.5 64 0 85.5 0 112v48h448v-48c0-26.5-21.5-48-48-48z\"><\/path><\/svg>\t\t\t\t\t\t<\/span>\n\t\t\t\t\t\t\t\t\t\t<span class=\"elementor-icon-list-text\"> Mardi : ferm\u00e9<\/span>\n\t\t\t\t\t\t\t\t\t\t\t<\/a>\n\t\t\t\t\t\t\t\t\t<\/li>\n\t\t\t\t\t\t<\/ul>\n\t\t\t\t\t\t<\/div>\n\t\t\t\t<\/div>\n\t\t\t\t<div class=\"elementor-element elementor-element-d7aa8e0 elementor-widget elementor-widget-text-editor\" data-id=\"d7aa8e0\" data-element_type=\"widget\" data-e-type=\"widget\" data-widget_type=\"text-editor.default\">\n\t\t\t\t<div class=\"elementor-widget-container\">\n\t\t\t\t\t\t\t\t\t<p><span style=\"color: var( --e-global-color-text ); font-family: var( --e-global-typography-text-font-family ), Sans-serif; font-size: var( --e-global-typography-text-font-size ); text-align: var(--text-align);\">Casteau est situ\u00e9 \u00e0 mi-chemin entre Mons et Soignies et \u00e0 9 minutes de la route d\u2019Ath, o\u00f9 vous trouverez de nombreux restaurants et boutiques pour prolonger votre journ\u00e9e de d\u00e9tente.<\/span><\/p><p><b>Le Centre Wellness est accessible aux personnes \u00e0 mobilit\u00e9 r\u00e9duite et dispose de places de parking et d\u2019un rangement pour les v\u00e9los.<\/b><\/p>\t\t\t\t\t\t\t\t<\/div>\n\t\t\t\t<\/div>\n\t\t\t\t<\/div>\n\t\t\t\t<\/div>\n\t\t<div class=\"elementor-element elementor-element-1f72bb2 e-flex e-con-boxed e-con e-parent\" data-id=\"1f72bb2\" data-element_type=\"container\" data-e-type=\"container\">\n\t\t\t\t\t<div class=\"e-con-inner\">\n\t\t\t\t<div class=\"elementor-element elementor-element-8a473c9 elementor-widget elementor-widget-text-editor\" data-id=\"8a473c9\" data-element_type=\"widget\" data-e-type=\"widget\" data-widget_type=\"text-editor.default\">\n\t\t\t\t<div class=\"elementor-widget-container\">\n\t\t\t\t\t\t\t\t\t<p>Merci de verser un acompte de 50% lors de la r\u00e9servation&nbsp;<\/p>\t\t\t\t\t\t\t\t<\/div>\n\t\t\t\t<\/div>\n\t\t\t\t\t<\/div>\n\t\t\t\t<\/div>\n\t\t\t\t<\/div>\n\t\t","protected":false},"excerpt":{"rendered":"<p>R\u00e9servations &amp; Contact Je r\u00e9serve ma pause wellness \u00a0 Conditions de r\u00e9servation Uniquement sur rendez-vous.&nbsp;&nbsp; Veuillez-vous pr\u00e9senter 10 minutes avant l&rsquo;heure de votre rendez-vous.&nbsp;&nbsp; Le forfait de base comprend un verre de bienvenue et la mise \u00e0 disposition de peignoirs, serviettes, soft drinks, fruits frais et produits de soin au lait d\u2019\u00e2nesse.&nbsp;&nbsp; Les pantoufles sont [&hellip;]<\/p>\n","protected":false},"author":1,"featured_media":0,"parent":0,"menu_order":0,"comment_status":"closed","ping_status":"closed","template":"elementor_header_footer","meta":{"footnotes":""},"class_list":["post-186","page","type-page","status-publish","hentry"],"yoast_head":"<!-- This site is optimized with the Yoast SEO plugin v27.3 - https:\/\/yoast.com\/product\/yoast-seo-wordpress\/ -->\n<title>R\u00e9servations et Contact - Wellness Saint Antoine<\/title>\n<meta name=\"robots\" content=\"index, follow, max-snippet:-1, max-image-preview:large, max-video-preview:-1\" \/>\n<link rel=\"canonical\" href=\"https:\/\/wellness-saint-antoine.be\/en\/contact-reservations\/\" \/>\n<meta property=\"og:locale\" content=\"en_GB\" \/>\n<meta property=\"og:type\" content=\"article\" \/>\n<meta property=\"og:title\" content=\"R\u00e9servations et Contact - Wellness Saint Antoine\" \/>\n<meta property=\"og:description\" content=\"R\u00e9servations &amp; Contact Je r\u00e9serve ma pause wellness \u00a0 Conditions de r\u00e9servation Uniquement sur rendez-vous.&nbsp;&nbsp; Veuillez-vous pr\u00e9senter 10 minutes avant l&rsquo;heure de votre rendez-vous.&nbsp;&nbsp; Le forfait de base comprend un verre de bienvenue et la mise \u00e0 disposition de peignoirs, serviettes, soft drinks, fruits frais et produits de soin au lait d\u2019\u00e2nesse.&nbsp;&nbsp; Les pantoufles sont [&hellip;]\" \/>\n<meta property=\"og:url\" content=\"https:\/\/wellness-saint-antoine.be\/en\/contact-reservations\/\" \/>\n<meta property=\"og:site_name\" content=\"Wellness Saint Antoine\" \/>\n<meta property=\"article:publisher\" content=\"https:\/\/www.facebook.com\/profile.php?id=61569717770150\" \/>\n<meta property=\"article:modified_time\" content=\"2026-02-02T09:43:40+00:00\" \/>\n<meta name=\"twitter:card\" content=\"summary_large_image\" \/>\n<meta name=\"twitter:label1\" content=\"Estimated reading time\" \/>\n\t<meta name=\"twitter:data1\" content=\"2 minutes\" \/>\n<script type=\"application\/ld+json\" class=\"yoast-schema-graph\">{\"@context\":\"https:\\\/\\\/schema.org\",\"@graph\":[{\"@type\":\"WebPage\",\"@id\":\"https:\\\/\\\/wellness-saint-antoine.be\\\/contact-reservations\\\/\",\"url\":\"https:\\\/\\\/wellness-saint-antoine.be\\\/contact-reservations\\\/\",\"name\":\"R\u00e9servations et Contact - Wellness Saint Antoine\",\"isPartOf\":{\"@id\":\"https:\\\/\\\/wellness-saint-antoine.be\\\/#website\"},\"datePublished\":\"2024-10-10T14:17:01+00:00\",\"dateModified\":\"2026-02-02T09:43:40+00:00\",\"breadcrumb\":{\"@id\":\"https:\\\/\\\/wellness-saint-antoine.be\\\/contact-reservations\\\/#breadcrumb\"},\"inLanguage\":\"en-GB\",\"potentialAction\":[{\"@type\":\"ReadAction\",\"target\":[\"https:\\\/\\\/wellness-saint-antoine.be\\\/contact-reservations\\\/\"]}]},{\"@type\":\"BreadcrumbList\",\"@id\":\"https:\\\/\\\/wellness-saint-antoine.be\\\/contact-reservations\\\/#breadcrumb\",\"itemListElement\":[{\"@type\":\"ListItem\",\"position\":1,\"name\":\"Accueil\",\"item\":\"https:\\\/\\\/wellness-saint-antoine.be\\\/\"},{\"@type\":\"ListItem\",\"position\":2,\"name\":\"R\u00e9servations et Contact\"}]},{\"@type\":\"WebSite\",\"@id\":\"https:\\\/\\\/wellness-saint-antoine.be\\\/#website\",\"url\":\"https:\\\/\\\/wellness-saint-antoine.be\\\/\",\"name\":\"Wellness Saint Antoine\",\"description\":\"\",\"publisher\":{\"@id\":\"https:\\\/\\\/wellness-saint-antoine.be\\\/#organization\"},\"potentialAction\":[{\"@type\":\"SearchAction\",\"target\":{\"@type\":\"EntryPoint\",\"urlTemplate\":\"https:\\\/\\\/wellness-saint-antoine.be\\\/?s={search_term_string}\"},\"query-input\":{\"@type\":\"PropertyValueSpecification\",\"valueRequired\":true,\"valueName\":\"search_term_string\"}}],\"inLanguage\":\"en-GB\"},{\"@type\":\"Organization\",\"@id\":\"https:\\\/\\\/wellness-saint-antoine.be\\\/#organization\",\"name\":\"Wellness Saint Antoine\",\"url\":\"https:\\\/\\\/wellness-saint-antoine.be\\\/\",\"logo\":{\"@type\":\"ImageObject\",\"inLanguage\":\"en-GB\",\"@id\":\"https:\\\/\\\/wellness-saint-antoine.be\\\/#\\\/schema\\\/logo\\\/image\\\/\",\"url\":\"https:\\\/\\\/wellness-saint-antoine.be\\\/wp-content\\\/uploads\\\/2024\\\/09\\\/cropped-Logo-wellness-St-Antoine-.png\",\"contentUrl\":\"https:\\\/\\\/wellness-saint-antoine.be\\\/wp-content\\\/uploads\\\/2024\\\/09\\\/cropped-Logo-wellness-St-Antoine-.png\",\"width\":2571,\"height\":2417,\"caption\":\"Wellness Saint Antoine\"},\"image\":{\"@id\":\"https:\\\/\\\/wellness-saint-antoine.be\\\/#\\\/schema\\\/logo\\\/image\\\/\"},\"sameAs\":[\"https:\\\/\\\/www.facebook.com\\\/profile.php?id=61569717770150\"]}]}<\/script>\n<!-- \/ Yoast SEO plugin. -->","yoast_head_json":{"title":"R\u00e9servations et Contact - Wellness Saint Antoine","robots":{"index":"index","follow":"follow","max-snippet":"max-snippet:-1","max-image-preview":"max-image-preview:large","max-video-preview":"max-video-preview:-1"},"canonical":"https:\/\/wellness-saint-antoine.be\/en\/contact-reservations\/","og_locale":"en_GB","og_type":"article","og_title":"R\u00e9servations et Contact - Wellness Saint Antoine","og_description":"R\u00e9servations &amp; Contact Je r\u00e9serve ma pause wellness \u00a0 Conditions de r\u00e9servation Uniquement sur rendez-vous.&nbsp;&nbsp; Veuillez-vous pr\u00e9senter 10 minutes avant l&rsquo;heure de votre rendez-vous.&nbsp;&nbsp; Le forfait de base comprend un verre de bienvenue et la mise \u00e0 disposition de peignoirs, serviettes, soft drinks, fruits frais et produits de soin au lait d\u2019\u00e2nesse.&nbsp;&nbsp; Les pantoufles sont [&hellip;]","og_url":"https:\/\/wellness-saint-antoine.be\/en\/contact-reservations\/","og_site_name":"Wellness Saint Antoine","article_publisher":"https:\/\/www.facebook.com\/profile.php?id=61569717770150","article_modified_time":"2026-02-02T09:43:40+00:00","twitter_card":"summary_large_image","twitter_misc":{"Estimated reading time":"2 minutes"},"schema":{"@context":"https:\/\/schema.org","@graph":[{"@type":"WebPage","@id":"https:\/\/wellness-saint-antoine.be\/contact-reservations\/","url":"https:\/\/wellness-saint-antoine.be\/contact-reservations\/","name":"R\u00e9servations et Contact - Wellness Saint Antoine","isPartOf":{"@id":"https:\/\/wellness-saint-antoine.be\/#website"},"datePublished":"2024-10-10T14:17:01+00:00","dateModified":"2026-02-02T09:43:40+00:00","breadcrumb":{"@id":"https:\/\/wellness-saint-antoine.be\/contact-reservations\/#breadcrumb"},"inLanguage":"en-GB","potentialAction":[{"@type":"ReadAction","target":["https:\/\/wellness-saint-antoine.be\/contact-reservations\/"]}]},{"@type":"BreadcrumbList","@id":"https:\/\/wellness-saint-antoine.be\/contact-reservations\/#breadcrumb","itemListElement":[{"@type":"ListItem","position":1,"name":"Accueil","item":"https:\/\/wellness-saint-antoine.be\/"},{"@type":"ListItem","position":2,"name":"R\u00e9servations et Contact"}]},{"@type":"WebSite","@id":"https:\/\/wellness-saint-antoine.be\/#website","url":"https:\/\/wellness-saint-antoine.be\/","name":"Wellness Saint Antoine","description":"","publisher":{"@id":"https:\/\/wellness-saint-antoine.be\/#organization"},"potentialAction":[{"@type":"SearchAction","target":{"@type":"EntryPoint","urlTemplate":"https:\/\/wellness-saint-antoine.be\/?s={search_term_string}"},"query-input":{"@type":"PropertyValueSpecification","valueRequired":true,"valueName":"search_term_string"}}],"inLanguage":"en-GB"},{"@type":"Organization","@id":"https:\/\/wellness-saint-antoine.be\/#organization","name":"Wellness Saint Antoine","url":"https:\/\/wellness-saint-antoine.be\/","logo":{"@type":"ImageObject","inLanguage":"en-GB","@id":"https:\/\/wellness-saint-antoine.be\/#\/schema\/logo\/image\/","url":"https:\/\/wellness-saint-antoine.be\/wp-content\/uploads\/2024\/09\/cropped-Logo-wellness-St-Antoine-.png","contentUrl":"https:\/\/wellness-saint-antoine.be\/wp-content\/uploads\/2024\/09\/cropped-Logo-wellness-St-Antoine-.png","width":2571,"height":2417,"caption":"Wellness Saint Antoine"},"image":{"@id":"https:\/\/wellness-saint-antoine.be\/#\/schema\/logo\/image\/"},"sameAs":["https:\/\/www.facebook.com\/profile.php?id=61569717770150"]}]}},"_links":{"self":[{"href":"https:\/\/wellness-saint-antoine.be\/en\/wp-json\/wp\/v2\/pages\/186","targetHints":{"allow":["GET"]}}],"collection":[{"href":"https:\/\/wellness-saint-antoine.be\/en\/wp-json\/wp\/v2\/pages"}],"about":[{"href":"https:\/\/wellness-saint-antoine.be\/en\/wp-json\/wp\/v2\/types\/page"}],"author":[{"embeddable":true,"href":"https:\/\/wellness-saint-antoine.be\/en\/wp-json\/wp\/v2\/users\/1"}],"replies":[{"embeddable":true,"href":"https:\/\/wellness-saint-antoine.be\/en\/wp-json\/wp\/v2\/comments?post=186"}],"version-history":[{"count":114,"href":"https:\/\/wellness-saint-antoine.be\/en\/wp-json\/wp\/v2\/pages\/186\/revisions"}],"predecessor-version":[{"id":896,"href":"https:\/\/wellness-saint-antoine.be\/en\/wp-json\/wp\/v2\/pages\/186\/revisions\/896"}],"wp:attachment":[{"href":"https:\/\/wellness-saint-antoine.be\/en\/wp-json\/wp\/v2\/media?parent=186"}],"curies":[{"name":"wp","href":"https:\/\/api.w.org\/{rel}","templated":true}]}}