{"id":150,"date":"2024-09-26T15:44:12","date_gmt":"2024-09-26T13:44:12","guid":{"rendered":"http:\/\/welness-saint-antoine.be\/?page_id=150"},"modified":"2025-11-21T15:30:49","modified_gmt":"2025-11-21T14:30:49","slug":"a-propos","status":"publish","type":"page","link":"https:\/\/wellness-saint-antoine.be\/en\/a-propos\/","title":{"rendered":"History"},"content":{"rendered":"<div data-elementor-type=\"wp-page\" data-elementor-id=\"150\" class=\"elementor elementor-150\" data-elementor-post-type=\"page\">\n\t\t\t\t<div class=\"elementor-element elementor-element-6163069 e-flex e-con-boxed e-con e-parent\" data-id=\"6163069\" data-element_type=\"container\" data-e-type=\"container\" data-settings=\"{&quot;background_background&quot;:&quot;classic&quot;}\">\n\t\t\t\t\t<div class=\"e-con-inner\">\n\t\t\t\t<div class=\"elementor-element elementor-element-d263abe elementor-widget elementor-widget-heading\" data-id=\"d263abe\" data-element_type=\"widget\" data-e-type=\"widget\" data-widget_type=\"heading.default\">\n\t\t\t\t<div class=\"elementor-widget-container\">\n\t\t\t\t\t<h1 class=\"elementor-heading-title elementor-size-default\">The history of the Chapelle Saint-Antoine<\/h1>\t\t\t\t<\/div>\n\t\t\t\t<\/div>\n\t\t\t\t\t<\/div>\n\t\t\t\t<\/div>\n\t\t<div class=\"elementor-element elementor-element-4462c35a e-flex e-con-boxed e-con e-parent\" data-id=\"4462c35a\" data-element_type=\"container\" data-e-type=\"container\" data-settings=\"{&quot;background_background&quot;:&quot;classic&quot;}\">\n\t\t\t\t\t<div class=\"e-con-inner\">\n\t\t<div class=\"elementor-element elementor-element-3a9c8415 e-con-full e-flex e-con e-child\" data-id=\"3a9c8415\" data-element_type=\"container\" data-e-type=\"container\">\n\t\t<div class=\"elementor-element elementor-element-22b22733 e-con-full e-flex e-con e-child\" data-id=\"22b22733\" data-element_type=\"container\" data-e-type=\"container\" data-settings=\"{&quot;background_background&quot;:&quot;classic&quot;}\">\n\t\t\t\t<div class=\"elementor-element elementor-element-35663565 elementor-widget elementor-widget-spacer\" data-id=\"35663565\" data-element_type=\"widget\" data-e-type=\"widget\" data-widget_type=\"spacer.default\">\n\t\t\t\t<div class=\"elementor-widget-container\">\n\t\t\t\t\t\t\t<div class=\"elementor-spacer\">\n\t\t\t<div class=\"elementor-spacer-inner\"><\/div>\n\t\t<\/div>\n\t\t\t\t\t\t<\/div>\n\t\t\t\t<\/div>\n\t\t\t\t<\/div>\n\t\t<div class=\"elementor-element elementor-element-38ae8fc5 e-con-full e-flex e-con e-child\" data-id=\"38ae8fc5\" data-element_type=\"container\" data-e-type=\"container\">\n\t\t\t\t<div class=\"elementor-element elementor-element-62bfe2f2 animated-slow elementor-widget__width-inherit elementor-widget elementor-widget-text-editor\" data-id=\"62bfe2f2\" data-element_type=\"widget\" data-e-type=\"widget\" data-settings=\"{&quot;_animation&quot;:&quot;none&quot;}\" data-widget_type=\"text-editor.default\">\n\t\t\t\t<div class=\"elementor-widget-container\">\n\t\t\t\t\t\t\t\t\t<p>The Chapelle Saint-Antoine, built in the 1920s, has long been a spiritual pillar for the people of Casteau. This place of worship has welcomed generations of worshippers, and was enlivened by the songs of the Bruy\u00e8res neighbourhood choir that resounded under its vaults. However, with the passage of time and changes in the community, the chapel lost its use and fell into oblivion.<\/p><p>In 2019, a new page was turned for this historic site when Marie-Rose discovered that the Chapelle was up for sale. Seduced by its timeless charm and potential, she decided to give it a second life.<\/p><p>Driven by the fullness of the premises, she embarked on an ambitious renovation project. With care and respect for the original architecture, she has transformed the Chapelle into a unique wellness centre.<\/p>\t\t\t\t\t\t\t\t<\/div>\n\t\t\t\t<\/div>\n\t\t\t\t<\/div>\n\t\t<div class=\"elementor-element elementor-element-91d32b3 e-con-full e-flex e-con e-child\" data-id=\"91d32b3\" data-element_type=\"container\" data-e-type=\"container\" data-settings=\"{&quot;background_background&quot;:&quot;classic&quot;}\">\n\t\t\t\t<\/div>\n\t\t\t\t<\/div>\n\t\t<div class=\"elementor-element elementor-element-1f799c96 e-con-full e-flex e-con e-child\" data-id=\"1f799c96\" data-element_type=\"container\" data-e-type=\"container\">\n\t\t<div class=\"elementor-element elementor-element-793201dc e-con-full e-flex e-con e-child\" data-id=\"793201dc\" data-element_type=\"container\" data-e-type=\"container\">\n\t\t\t\t<div class=\"elementor-element elementor-element-25074941 elementor-widget elementor-widget-heading\" data-id=\"25074941\" data-element_type=\"widget\" data-e-type=\"widget\" data-widget_type=\"heading.default\">\n\t\t\t\t<div class=\"elementor-widget-container\">\n\t\t\t\t\t<h2 class=\"elementor-heading-title elementor-size-default\">Wellness Saint Antoine<\/h2>\t\t\t\t<\/div>\n\t\t\t\t<\/div>\n\t\t\t\t<div class=\"elementor-element elementor-element-23bc6cc animated-slow elementor-widget__width-inherit elementor-widget elementor-widget-text-editor\" data-id=\"23bc6cc\" data-element_type=\"widget\" data-e-type=\"widget\" data-settings=\"{&quot;_animation&quot;:&quot;none&quot;}\" data-widget_type=\"text-editor.default\">\n\t\t\t\t<div class=\"elementor-widget-container\">\n\t\t\t\t\t\t\t\t\t<p>Today, Wellness Saint-Antoine embodies a perfect harmony between heritage and modernity. Every stone tells a story, every space exudes peace and serenity. As they walk through its doors, visitors are transported into a moment out of time, and away from the stresses of everyday life, for a moment of relaxation and rejuvenation.<\/p>\t\t\t\t\t\t\t\t<\/div>\n\t\t\t\t<\/div>\n\t\t\t\t<\/div>\n\t\t<div class=\"elementor-element elementor-element-253ae607 e-con-full e-flex e-con e-child\" data-id=\"253ae607\" data-element_type=\"container\" data-e-type=\"container\">\n\t\t\t\t<div class=\"elementor-element elementor-element-b78266f elementor-widget elementor-widget-gallery\" data-id=\"b78266f\" data-element_type=\"widget\" data-e-type=\"widget\" data-settings=\"{&quot;lazyload&quot;:&quot;yes&quot;,&quot;gallery_layout&quot;:&quot;grid&quot;,&quot;columns&quot;:4,&quot;columns_tablet&quot;:2,&quot;columns_mobile&quot;:1,&quot;gap&quot;:{&quot;unit&quot;:&quot;px&quot;,&quot;size&quot;:10,&quot;sizes&quot;:[]},&quot;gap_tablet&quot;:{&quot;unit&quot;:&quot;px&quot;,&quot;size&quot;:10,&quot;sizes&quot;:[]},&quot;gap_mobile&quot;:{&quot;unit&quot;:&quot;px&quot;,&quot;size&quot;:10,&quot;sizes&quot;:[]},&quot;link_to&quot;:&quot;file&quot;,&quot;aspect_ratio&quot;:&quot;3:2&quot;,&quot;overlay_background&quot;:&quot;yes&quot;,&quot;content_hover_animation&quot;:&quot;fade-in&quot;}\" data-widget_type=\"gallery.default\">\n\t\t\t\t<div class=\"elementor-widget-container\">\n\t\t\t\t\t\t\t<div class=\"elementor-gallery__container\">\n\t\t\t\t\t\t\t<a class=\"e-gallery-item elementor-gallery-item elementor-animated-content\" href=\"https:\/\/wellness-saint-antoine.be\/wp-content\/uploads\/2024\/11\/BDR01482-scaled.jpg\" data-elementor-open-lightbox=\"yes\" data-elementor-lightbox-slideshow=\"b78266f\" data-elementor-lightbox-title=\"BDR01482\" data-e-action-hash=\"#elementor-action%3Aaction%3Dlightbox%26settings%3DeyJpZCI6MjYzLCJ1cmwiOiJodHRwczpcL1wvd2VsbG5lc3Mtc2FpbnQtYW50b2luZS5iZVwvd3AtY29udGVudFwvdXBsb2Fkc1wvMjAyNFwvMTFcL0JEUjAxNDgyLXNjYWxlZC5qcGciLCJzbGlkZXNob3ciOiJiNzgyNjZmIn0%3D\">\n\t\t\t\t\t<div class=\"e-gallery-image elementor-gallery-item__image\" data-thumbnail=\"https:\/\/wellness-saint-antoine.be\/wp-content\/uploads\/2024\/11\/BDR01482-300x240.jpg\" data-width=\"300\" data-height=\"240\" aria-label=\"\" role=\"img\" ><\/div>\n\t\t\t\t\t\t\t\t\t\t\t<div class=\"elementor-gallery-item__overlay\"><\/div>\n\t\t\t\t\t\t\t\t\t\t\t\t\t\t<\/a>\n\t\t\t\t\t\t\t<a class=\"e-gallery-item elementor-gallery-item elementor-animated-content\" href=\"https:\/\/wellness-saint-antoine.be\/wp-content\/uploads\/2024\/11\/BDR01475-scaled.jpg\" data-elementor-open-lightbox=\"yes\" data-elementor-lightbox-slideshow=\"b78266f\" data-elementor-lightbox-title=\"BDR01475\" data-e-action-hash=\"#elementor-action%3Aaction%3Dlightbox%26settings%3DeyJpZCI6MjYyLCJ1cmwiOiJodHRwczpcL1wvd2VsbG5lc3Mtc2FpbnQtYW50b2luZS5iZVwvd3AtY29udGVudFwvdXBsb2Fkc1wvMjAyNFwvMTFcL0JEUjAxNDc1LXNjYWxlZC5qcGciLCJzbGlkZXNob3ciOiJiNzgyNjZmIn0%3D\">\n\t\t\t\t\t<div class=\"e-gallery-image elementor-gallery-item__image\" data-thumbnail=\"https:\/\/wellness-saint-antoine.be\/wp-content\/uploads\/2024\/11\/BDR01475-300x240.jpg\" data-width=\"300\" data-height=\"240\" aria-label=\"\" role=\"img\" ><\/div>\n\t\t\t\t\t\t\t\t\t\t\t<div class=\"elementor-gallery-item__overlay\"><\/div>\n\t\t\t\t\t\t\t\t\t\t\t\t\t\t<\/a>\n\t\t\t\t\t\t\t<a class=\"e-gallery-item elementor-gallery-item elementor-animated-content\" href=\"https:\/\/wellness-saint-antoine.be\/wp-content\/uploads\/2024\/11\/BDR01610-scaled.jpg\" data-elementor-open-lightbox=\"yes\" data-elementor-lightbox-slideshow=\"b78266f\" data-elementor-lightbox-title=\"BDR01610\" data-e-action-hash=\"#elementor-action%3Aaction%3Dlightbox%26settings%3DeyJpZCI6MjcxLCJ1cmwiOiJodHRwczpcL1wvd2VsbG5lc3Mtc2FpbnQtYW50b2luZS5iZVwvd3AtY29udGVudFwvdXBsb2Fkc1wvMjAyNFwvMTFcL0JEUjAxNjEwLXNjYWxlZC5qcGciLCJzbGlkZXNob3ciOiJiNzgyNjZmIn0%3D\">\n\t\t\t\t\t<div class=\"e-gallery-image elementor-gallery-item__image\" data-thumbnail=\"https:\/\/wellness-saint-antoine.be\/wp-content\/uploads\/2024\/11\/BDR01610-300x240.jpg\" data-width=\"300\" data-height=\"240\" aria-label=\"\" role=\"img\" ><\/div>\n\t\t\t\t\t\t\t\t\t\t\t<div class=\"elementor-gallery-item__overlay\"><\/div>\n\t\t\t\t\t\t\t\t\t\t\t\t\t\t<\/a>\n\t\t\t\t\t\t\t<a class=\"e-gallery-item elementor-gallery-item elementor-animated-content\" href=\"https:\/\/wellness-saint-antoine.be\/wp-content\/uploads\/2024\/11\/BDR01598-scaled.jpg\" data-elementor-open-lightbox=\"yes\" data-elementor-lightbox-slideshow=\"b78266f\" data-elementor-lightbox-title=\"BDR01598\" data-e-action-hash=\"#elementor-action%3Aaction%3Dlightbox%26settings%3DeyJpZCI6MjcwLCJ1cmwiOiJodHRwczpcL1wvd2VsbG5lc3Mtc2FpbnQtYW50b2luZS5iZVwvd3AtY29udGVudFwvdXBsb2Fkc1wvMjAyNFwvMTFcL0JEUjAxNTk4LXNjYWxlZC5qcGciLCJzbGlkZXNob3ciOiJiNzgyNjZmIn0%3D\">\n\t\t\t\t\t<div class=\"e-gallery-image elementor-gallery-item__image\" data-thumbnail=\"https:\/\/wellness-saint-antoine.be\/wp-content\/uploads\/2024\/11\/BDR01598-240x300.jpg\" data-width=\"240\" data-height=\"300\" aria-label=\"\" role=\"img\" ><\/div>\n\t\t\t\t\t\t\t\t\t\t\t<div class=\"elementor-gallery-item__overlay\"><\/div>\n\t\t\t\t\t\t\t\t\t\t\t\t\t\t<\/a>\n\t\t\t\t\t<\/div>\n\t\t\t\t\t<\/div>\n\t\t\t\t<\/div>\n\t\t\t\t<\/div>\n\t\t\t\t<\/div>\n\t\t\t\t\t<\/div>\n\t\t\t\t<\/div>\n\t\t\t\t<\/div>","protected":false},"excerpt":{"rendered":"<p>L&rsquo;Histoire de la Chapelle Saint-Antoine La Chapelle Saint-Antoine, \u00e9rig\u00e9e dans les ann\u00e9es 1920, a longtemps \u00e9t\u00e9 un pilier spirituel pour les habitants de Casteau. Ce lieu de culte a accueilli des g\u00e9n\u00e9rations de fid\u00e8les, et \u00e9tait anim\u00e9 par les chants de la chorale du quartier des Bruy\u00e8res qui r\u00e9sonnaient sous ses vo\u00fbtes. Cependant, avec le [&hellip;]<\/p>\n","protected":false},"author":1,"featured_media":0,"parent":0,"menu_order":0,"comment_status":"closed","ping_status":"closed","template":"elementor_header_footer","meta":{"footnotes":""},"class_list":["post-150","page","type-page","status-publish","hentry"],"yoast_head":"<!-- This site is optimized with the Yoast SEO plugin v27.3 - https:\/\/yoast.com\/product\/yoast-seo-wordpress\/ -->\n<title>Historique - Wellness Saint Antoine<\/title>\n<meta name=\"robots\" content=\"index, follow, max-snippet:-1, max-image-preview:large, max-video-preview:-1\" \/>\n<link rel=\"canonical\" href=\"https:\/\/wellness-saint-antoine.be\/en\/a-propos\/\" \/>\n<meta property=\"og:locale\" content=\"en_GB\" \/>\n<meta property=\"og:type\" content=\"article\" \/>\n<meta property=\"og:title\" content=\"Historique - Wellness Saint Antoine\" \/>\n<meta property=\"og:description\" content=\"L&rsquo;Histoire de la Chapelle Saint-Antoine La Chapelle Saint-Antoine, \u00e9rig\u00e9e dans les ann\u00e9es 1920, a longtemps \u00e9t\u00e9 un pilier spirituel pour les habitants de Casteau. Ce lieu de culte a accueilli des g\u00e9n\u00e9rations de fid\u00e8les, et \u00e9tait anim\u00e9 par les chants de la chorale du quartier des Bruy\u00e8res qui r\u00e9sonnaient sous ses vo\u00fbtes. Cependant, avec le [&hellip;]\" \/>\n<meta property=\"og:url\" content=\"https:\/\/wellness-saint-antoine.be\/en\/a-propos\/\" \/>\n<meta property=\"og:site_name\" content=\"Wellness Saint Antoine\" \/>\n<meta property=\"article:publisher\" content=\"https:\/\/www.facebook.com\/profile.php?id=61569717770150\" \/>\n<meta property=\"article:modified_time\" content=\"2025-11-21T14:30:49+00:00\" \/>\n<meta name=\"twitter:card\" content=\"summary_large_image\" \/>\n<meta name=\"twitter:label1\" content=\"Estimated reading time\" \/>\n\t<meta name=\"twitter:data1\" content=\"2 minutes\" \/>\n<script type=\"application\/ld+json\" class=\"yoast-schema-graph\">{\"@context\":\"https:\\\/\\\/schema.org\",\"@graph\":[{\"@type\":\"WebPage\",\"@id\":\"https:\\\/\\\/wellness-saint-antoine.be\\\/a-propos\\\/\",\"url\":\"https:\\\/\\\/wellness-saint-antoine.be\\\/a-propos\\\/\",\"name\":\"Historique - Wellness Saint Antoine\",\"isPartOf\":{\"@id\":\"https:\\\/\\\/wellness-saint-antoine.be\\\/#website\"},\"datePublished\":\"2024-09-26T13:44:12+00:00\",\"dateModified\":\"2025-11-21T14:30:49+00:00\",\"breadcrumb\":{\"@id\":\"https:\\\/\\\/wellness-saint-antoine.be\\\/a-propos\\\/#breadcrumb\"},\"inLanguage\":\"en-GB\",\"potentialAction\":[{\"@type\":\"ReadAction\",\"target\":[\"https:\\\/\\\/wellness-saint-antoine.be\\\/a-propos\\\/\"]}]},{\"@type\":\"BreadcrumbList\",\"@id\":\"https:\\\/\\\/wellness-saint-antoine.be\\\/a-propos\\\/#breadcrumb\",\"itemListElement\":[{\"@type\":\"ListItem\",\"position\":1,\"name\":\"Accueil\",\"item\":\"https:\\\/\\\/wellness-saint-antoine.be\\\/\"},{\"@type\":\"ListItem\",\"position\":2,\"name\":\"Historique\"}]},{\"@type\":\"WebSite\",\"@id\":\"https:\\\/\\\/wellness-saint-antoine.be\\\/#website\",\"url\":\"https:\\\/\\\/wellness-saint-antoine.be\\\/\",\"name\":\"Wellness Saint Antoine\",\"description\":\"\",\"publisher\":{\"@id\":\"https:\\\/\\\/wellness-saint-antoine.be\\\/#organization\"},\"potentialAction\":[{\"@type\":\"SearchAction\",\"target\":{\"@type\":\"EntryPoint\",\"urlTemplate\":\"https:\\\/\\\/wellness-saint-antoine.be\\\/?s={search_term_string}\"},\"query-input\":{\"@type\":\"PropertyValueSpecification\",\"valueRequired\":true,\"valueName\":\"search_term_string\"}}],\"inLanguage\":\"en-GB\"},{\"@type\":\"Organization\",\"@id\":\"https:\\\/\\\/wellness-saint-antoine.be\\\/#organization\",\"name\":\"Wellness Saint Antoine\",\"url\":\"https:\\\/\\\/wellness-saint-antoine.be\\\/\",\"logo\":{\"@type\":\"ImageObject\",\"inLanguage\":\"en-GB\",\"@id\":\"https:\\\/\\\/wellness-saint-antoine.be\\\/#\\\/schema\\\/logo\\\/image\\\/\",\"url\":\"https:\\\/\\\/wellness-saint-antoine.be\\\/wp-content\\\/uploads\\\/2024\\\/09\\\/cropped-Logo-wellness-St-Antoine-.png\",\"contentUrl\":\"https:\\\/\\\/wellness-saint-antoine.be\\\/wp-content\\\/uploads\\\/2024\\\/09\\\/cropped-Logo-wellness-St-Antoine-.png\",\"width\":2571,\"height\":2417,\"caption\":\"Wellness Saint Antoine\"},\"image\":{\"@id\":\"https:\\\/\\\/wellness-saint-antoine.be\\\/#\\\/schema\\\/logo\\\/image\\\/\"},\"sameAs\":[\"https:\\\/\\\/www.facebook.com\\\/profile.php?id=61569717770150\"]}]}<\/script>\n<!-- \/ Yoast SEO plugin. -->","yoast_head_json":{"title":"Historique - Wellness Saint Antoine","robots":{"index":"index","follow":"follow","max-snippet":"max-snippet:-1","max-image-preview":"max-image-preview:large","max-video-preview":"max-video-preview:-1"},"canonical":"https:\/\/wellness-saint-antoine.be\/en\/a-propos\/","og_locale":"en_GB","og_type":"article","og_title":"Historique - Wellness Saint Antoine","og_description":"L&rsquo;Histoire de la Chapelle Saint-Antoine La Chapelle Saint-Antoine, \u00e9rig\u00e9e dans les ann\u00e9es 1920, a longtemps \u00e9t\u00e9 un pilier spirituel pour les habitants de Casteau. Ce lieu de culte a accueilli des g\u00e9n\u00e9rations de fid\u00e8les, et \u00e9tait anim\u00e9 par les chants de la chorale du quartier des Bruy\u00e8res qui r\u00e9sonnaient sous ses vo\u00fbtes. Cependant, avec le [&hellip;]","og_url":"https:\/\/wellness-saint-antoine.be\/en\/a-propos\/","og_site_name":"Wellness Saint Antoine","article_publisher":"https:\/\/www.facebook.com\/profile.php?id=61569717770150","article_modified_time":"2025-11-21T14:30:49+00:00","twitter_card":"summary_large_image","twitter_misc":{"Estimated reading time":"2 minutes"},"schema":{"@context":"https:\/\/schema.org","@graph":[{"@type":"WebPage","@id":"https:\/\/wellness-saint-antoine.be\/a-propos\/","url":"https:\/\/wellness-saint-antoine.be\/a-propos\/","name":"Historique - Wellness Saint Antoine","isPartOf":{"@id":"https:\/\/wellness-saint-antoine.be\/#website"},"datePublished":"2024-09-26T13:44:12+00:00","dateModified":"2025-11-21T14:30:49+00:00","breadcrumb":{"@id":"https:\/\/wellness-saint-antoine.be\/a-propos\/#breadcrumb"},"inLanguage":"en-GB","potentialAction":[{"@type":"ReadAction","target":["https:\/\/wellness-saint-antoine.be\/a-propos\/"]}]},{"@type":"BreadcrumbList","@id":"https:\/\/wellness-saint-antoine.be\/a-propos\/#breadcrumb","itemListElement":[{"@type":"ListItem","position":1,"name":"Accueil","item":"https:\/\/wellness-saint-antoine.be\/"},{"@type":"ListItem","position":2,"name":"Historique"}]},{"@type":"WebSite","@id":"https:\/\/wellness-saint-antoine.be\/#website","url":"https:\/\/wellness-saint-antoine.be\/","name":"Wellness Saint Antoine","description":"","publisher":{"@id":"https:\/\/wellness-saint-antoine.be\/#organization"},"potentialAction":[{"@type":"SearchAction","target":{"@type":"EntryPoint","urlTemplate":"https:\/\/wellness-saint-antoine.be\/?s={search_term_string}"},"query-input":{"@type":"PropertyValueSpecification","valueRequired":true,"valueName":"search_term_string"}}],"inLanguage":"en-GB"},{"@type":"Organization","@id":"https:\/\/wellness-saint-antoine.be\/#organization","name":"Wellness Saint Antoine","url":"https:\/\/wellness-saint-antoine.be\/","logo":{"@type":"ImageObject","inLanguage":"en-GB","@id":"https:\/\/wellness-saint-antoine.be\/#\/schema\/logo\/image\/","url":"https:\/\/wellness-saint-antoine.be\/wp-content\/uploads\/2024\/09\/cropped-Logo-wellness-St-Antoine-.png","contentUrl":"https:\/\/wellness-saint-antoine.be\/wp-content\/uploads\/2024\/09\/cropped-Logo-wellness-St-Antoine-.png","width":2571,"height":2417,"caption":"Wellness Saint Antoine"},"image":{"@id":"https:\/\/wellness-saint-antoine.be\/#\/schema\/logo\/image\/"},"sameAs":["https:\/\/www.facebook.com\/profile.php?id=61569717770150"]}]}},"_links":{"self":[{"href":"https:\/\/wellness-saint-antoine.be\/en\/wp-json\/wp\/v2\/pages\/150","targetHints":{"allow":["GET"]}}],"collection":[{"href":"https:\/\/wellness-saint-antoine.be\/en\/wp-json\/wp\/v2\/pages"}],"about":[{"href":"https:\/\/wellness-saint-antoine.be\/en\/wp-json\/wp\/v2\/types\/page"}],"author":[{"embeddable":true,"href":"https:\/\/wellness-saint-antoine.be\/en\/wp-json\/wp\/v2\/users\/1"}],"replies":[{"embeddable":true,"href":"https:\/\/wellness-saint-antoine.be\/en\/wp-json\/wp\/v2\/comments?post=150"}],"version-history":[{"count":36,"href":"https:\/\/wellness-saint-antoine.be\/en\/wp-json\/wp\/v2\/pages\/150\/revisions"}],"predecessor-version":[{"id":847,"href":"https:\/\/wellness-saint-antoine.be\/en\/wp-json\/wp\/v2\/pages\/150\/revisions\/847"}],"wp:attachment":[{"href":"https:\/\/wellness-saint-antoine.be\/en\/wp-json\/wp\/v2\/media?parent=150"}],"curies":[{"name":"wp","href":"https:\/\/api.w.org\/{rel}","templated":true}]}}